{"id":2288,"date":"2015-04-07T11:45:16","date_gmt":"2015-04-07T11:45:16","guid":{"rendered":"http:\/\/comexcyc.com\/"},"modified":"2026-01-08T13:18:21","modified_gmt":"2026-01-08T16:18:21","slug":"home","status":"publish","type":"page","link":"https:\/\/comexcyc.com\/","title":{"rendered":"HOME"},"content":{"rendered":"<div class='grid_row cws_content_top clearfix'><div class='grid_col grid_col_12'><div class=\"cols_wrapper\"><div class=\"widget_wrapper\"><div class='ce clearfix'><div style='border-style:solid;border-color:#28a6ec;'>\n<h3 class=\"ce_title\" style=\"font-size: 30px; text-align: center; margin-bottom: 20px;\">SERVICIOS<\/h3>\n<p style=\"text-align: center;\"><div class=\"cws_divider_wrapper align-center\"><span class='cws_divider dashed with-plus' style=\"width:120px;border-bottom-color:#d9d9d9;font-size:100px;margin-bottom:20px;\"><\/span><\/div>\n<h3 style=\"text-align: center;\"><strong>Para C&amp;C COMEX SRL prestar atenci\u00f3n al cliente es una cultura.<\/strong><\/h3>\n<p style=\"text-align: center;\">Lo acompa\u00f1amos en toda la cadena de suministro, coordinando los flujos de las mercader\u00edas y toda la informaci\u00f3n relacionada.<br \/>De este modo agregamos valor y mejoramos el desempe\u00f1o de la misma.<br \/>A trav\u00e9s de nuestra red internacional de agentes, transportamos sus mercader\u00edas, por aire, tierra y mar a todos los destinos.<\/p>\n<\/div><\/div><\/div><\/div><\/div><\/div><div class=\"grid_row_cont\"><div data-wow-duration='2s' data-wow-offset='10' data-wow-iteration='1' class='grid_row cws_flex_row cws_equal_height cws_content_top clearfix' style='padding-top: 0px;margin-top: 70px;color:#535353;'><div class='grid_col grid_col_12'><div class=\"cols_wrapper\"><div class=\"widget_wrapper\"><div data-wow-duration='2s' data-wow-offset='10' data-wow-iteration='1' class='ce clearfix'><div style='border-style:solid;border-color:#28a6ec;color:#535353;'><div class='cws_divider long dashed with-plus' style=\"border-bottom-color:#d9d9d9;font-size:100px;margin-bottom:30px;\"><\/div>\n<h3 class=\"ce_title\" style=\"font-size: 30px; text-align: center; margin-bottom: 20px;\">&nbsp;Servicio De Transporte Internacional<\/h3>\n<p style=\"text-align: center;\"><div class=\"cws_divider_wrapper align-center\"><span class='cws_divider dashed with-plus' style=\"width:120px;border-bottom-color:#d9d9d9;font-size:100px;margin-bottom:20px;\"><\/span><\/div>\n<\/div><\/div><\/div><\/div><\/div><\/div><\/div><div class='row_bg fullwidth_background_bg' style='padding-bottom: 0px;margin-top: 0px;color:#535353;'><div class='row_bg_layer' style='background-color:#fafafa;opacity:1;'><\/div><div data-wow-duration='2s' data-wow-offset='10' data-wow-iteration='1' class='grid_row fullwidth_background cws_flex_row cws_equal_height cws_content_top clearfix'><div class='grid_col grid_col_4'><div class=\"cols_wrapper\" style='padding-top:100px;'><div class=\"widget_wrapper\"><div class='ce clearfix'><div style='border-style:solid;border-color:#28a6ec;'>\n<div class='cws_fa_tbl icon-right'><div class='cws_fa_tbl_row'><div class='cws_fa_tbl_cell'><h4 style=\"margin-bottom: 5px; text-align: right;\"><span style=\"color: #237dc8;\">Transporte Mar\u00edtimo<\/span><\/h4>\n\n<p style=\"text-align: right;\">de contenedores completos (FCL), cargas parciales (LCL)<\/div><div class='cws_fa_tbl_cell size_3x'><i  data-font-color='#ffffff' data-bg-color='#237dc8' class='cws_fa fa fa-ship fa-3x custom_colors simple_icon dis_hover kill_gradient' style='color: #237dc8;'><\/i><\/div><\/div><\/div>\n<\/div><\/div><div class='ce clearfix'><div style='border-style:solid;border-color:#28a6ec;'>\n<div class='cws_fa_tbl icon-right'><div class='cws_fa_tbl_row'><div class='cws_fa_tbl_cell'><h4 style=\"margin-bottom: 5px; text-align: right;\"><span style=\"color: #237dc8;\">Transporte A\u00e9reo<\/span><\/h4>\n\n<p style=\"text-align: right;\">de importaci\u00f3n y exportaci\u00f3n, desde y hacia cualquier destino del mundo<\/div><div class='cws_fa_tbl_cell size_4x'><i  data-font-color='#ffffff' data-bg-color='#237dc8' class='cws_fa fa fa-plane fa-4x custom_colors simple_icon dis_hover kill_gradient' style='color: #237dc8;'><\/i><\/div><\/div><\/div>\n<\/div><\/div><div class='ce clearfix'><div style='border-style:solid;border-color:#28a6ec;'>\n<p style=\"text-align: right;\"><div class='cws_fa_tbl icon-right'><div class='cws_fa_tbl_row'><div class='cws_fa_tbl_cell'><h4 style=\"margin-bottom: 5px; text-align: right;\"><span style=\"color: #237dc8;\">Transporte de Mercader\u00edas Peligrosas (IMO)<\/span><\/h4>\n\n<p style=\"text-align: right;\"><\/div><div class='cws_fa_tbl_cell size_3x'><i  data-font-color='#ffffff' data-bg-color='#237dc8' class='cws_fa fa fa-exclamation-triangle fa-3x custom_colors simple_icon dis_hover kill_gradient' style='color: #237dc8;'><\/i><\/div><\/div><\/div>\n<\/div><\/div><div class='ce clearfix'><div style='border-style:none;border-color:#237dc8;'><\/div><\/div><\/div><\/div><\/div><div class='grid_col grid_col_4'><div class=\"cols_wrapper\" style='margin-top:132px;'><div class=\"widget_wrapper\"><div class='ce clearfix'><div style='border-style:solid;border-color:#28a6ec;'>\n<p><img loading=\"lazy\" class=\"wp-image-7022 size-full aligncenter\" src=\"https:\/\/comexcyc.com\/wp-content\/uploads\/2018\/05\/transporte-comex-cyc.png\" alt=\"\" width=\"356\" height=\"237\" srcset=\"https:\/\/comexcyc.com\/wp-content\/uploads\/2018\/05\/transporte-comex-cyc.png 356w, https:\/\/comexcyc.com\/wp-content\/uploads\/2018\/05\/transporte-comex-cyc-768x511.png 768w\" sizes=\"(max-width: 356px) 100vw, 356px\" \/><\/p>\n<\/div><\/div><\/div><\/div><\/div><div class='grid_col grid_col_4'><div class=\"cols_wrapper\" style='padding-top:100px;'><div class=\"widget_wrapper\"><div class='ce clearfix'><div style='border-style:solid;border-color:#28a6ec;'>\n<div class='cws_fa_tbl icon-left'><div class='cws_fa_tbl_row'><div class='cws_fa_tbl_cell size_3x'><i  data-font-color='#ffffff' data-bg-color='#237dc8' class='cws_fa fa fa-truck fa-3x custom_colors simple_icon dis_hover kill_gradient' style='color: #237dc8;'><\/i><\/div><div class='cws_fa_tbl_cell'><h4 style=\"margin-bottom: 5px; text-align: left;\"><span style=\"color: #237dc8;\">Transporte Terrestre<\/span><\/h4>\n\n<p style=\"text-align: left;\">para carga en contenedores, carga general.<\/div><\/div><\/div>\n<\/div><\/div><div data-wow-duration='2s' data-wow-offset='10' data-wow-iteration='1' class='ce clearfix'><div style='border-style:solid;border-color:#28a6ec;color:#535353;'>\n<div class='cws_fa_tbl icon-left'><div class='cws_fa_tbl_row'><div class='cws_fa_tbl_cell size_3x'><i  data-font-color='#ffffff' data-bg-color='#237dc8' class='cws_fa fa fa-codepen fa-3x custom_colors simple_icon dis_hover kill_gradient' style='color: #237dc8;'><\/i><\/div><div class='cws_fa_tbl_cell'><h4 style=\"margin-bottom: 5px; text-align: left;\"><span style=\"color: #237dc8;\">Transporte De Carga Perecedera y Refrigerada<\/span><\/h4>\n\n<p style=\"text-align: left;\"><\/div><\/div><\/div>\n<\/div><\/div><div data-wow-duration='2s' data-wow-offset='10' data-wow-iteration='1' class='ce clearfix'><div style='border-style:solid;border-color:#28a6ec;color:#535353;'>\n<div class='cws_fa_tbl icon-left'><div class='cws_fa_tbl_row'><div class='cws_fa_tbl_cell size_3x'><i  data-font-color='#ffffff' data-bg-color='#237dc8' class='cws_fa fa fa-globe fa-3x custom_colors simple_icon dis_hover kill_gradient' style='color: #237dc8;'><\/i><\/div><div class='cws_fa_tbl_cell'><h4 style=\"margin-bottom: 5px; text-align: left;\"><span style=\"color: #237dc8;\">Servicio Internacional de Courier<\/span><\/h4>\n\n<p style=\"text-align: left;\"><\/div><\/div><\/div>\n<\/div><\/div><div class='ce clearfix'><div style='border-style:none;border-color:#237dc8;'><\/div><\/div><\/div><\/div><\/div><\/div><\/div><div class=\"grid_row_cont\"><div data-wow-duration='2s' data-wow-offset='10' data-wow-iteration='1' class='grid_row cws_flex_row cws_equal_height cws_content_top clearfix' style='padding-top: 0px;margin-top: 70px;color:#535353;'><div class='grid_col grid_col_12'><div class=\"cols_wrapper\"><div class=\"widget_wrapper\"><div data-wow-duration='2s' data-wow-offset='10' data-wow-iteration='1' class='ce clearfix'><div style='border-style:solid;border-color:#28a6ec;color:#535353;'><div class='cws_divider long dashed with-plus' style=\"border-bottom-color:#d9d9d9;font-size:100px;margin-bottom:30px;\"><\/div>\n<h3 class=\"ce_title\" style=\"font-size: 30px; text-align: center; margin-bottom: 20px;\">Servicios Adicionales<\/h3>\n<p style=\"text-align: center;\"><div class=\"cws_divider_wrapper align-center\"><span class='cws_divider dashed with-plus' style=\"width:120px;border-bottom-color:#d9d9d9;font-size:100px;margin-bottom:20px;\"><\/span><\/div>\n<\/div><\/div><\/div><\/div><\/div><\/div><\/div><div class='row_bg fullwidth_background_bg' style='padding-bottom: 0px;margin-top: 0px;color:#535353;'><div class='row_bg_layer' style='background-color:#fafafa;opacity:1;'><\/div><div data-wow-duration='2s' data-wow-offset='10' data-wow-iteration='1' class='grid_row fullwidth_background cws_flex_row cws_equal_height cws_content_top clearfix'><div class='grid_col grid_col_4'><div class=\"cols_wrapper\" style='padding-top:100px;'><div class=\"widget_wrapper\"><div class='ce clearfix'><div style='border-style:solid;border-color:#28a6ec;'>\n<div class='cws_fa_tbl icon-right'><div class='cws_fa_tbl_row'><div class='cws_fa_tbl_cell'><h4 style=\"margin-bottom: 5px; text-align: right;\"><span style=\"color: #237dc8;\">Servicio de Despacho Aduanal<\/span><\/h4>\n\n<p style=\"text-align: right;\"><\/div><div class='cws_fa_tbl_cell size_2x'><i  class='cws_fa fa fa-star-o fa-2x square alt'><\/i><\/div><\/div><\/div>\n<\/div><\/div><div class='ce clearfix'><div style='border-style:solid;border-color:#28a6ec;'>\n<div class='cws_fa_tbl icon-right'><div class='cws_fa_tbl_row'><div class='cws_fa_tbl_cell'><h4 style=\"margin-bottom: 5px; text-align: right;\"><span style=\"color: #237dc8;\">Contrataci\u00f3n de Seguro de Mercader\u00edas<\/span><\/h4>\n\n<p style=\"text-align: right;\"> con compa\u00f1\u00edas de primer nivel<\/div><div class='cws_fa_tbl_cell size_2x'><i  class='cws_fa fa fa-star-o fa-2x square alt'><\/i><\/div><\/div><\/div>\n<\/div><\/div><div class='ce clearfix'><div style='border-style:solid;border-color:#28a6ec;'>\n<div class='cws_fa_tbl icon-right'><div class='cws_fa_tbl_row'><div class='cws_fa_tbl_cell'><h4 style=\"margin-bottom: 5px; text-align: right;\"><span style=\"color: #237dc8;\"> Almacenaje y distribuci\u00f3n<\/span><\/h4>\n\n<p style=\"text-align: right;\"><\/div><div class='cws_fa_tbl_cell size_2x'><i  class='cws_fa fa fa-star-o fa-2x square alt'><\/i><\/div><\/div><\/div>\n<\/div><\/div><div class='ce clearfix'><div style='border-style:none;border-color:#237dc8;'><\/div><\/div><\/div><\/div><\/div><div class='grid_col grid_col_4'><div class=\"cols_wrapper\" style='margin-top:-20px;'><div class=\"widget_wrapper\"><div class='ce clearfix'><div style='border-style:solid;border-color:#28a6ec;'>\n<p><img loading=\"lazy\" class=\"wp-image-7013 size-full aligncenter\" src=\"http:\/\/comexcyc.com\/wp-content\/uploads\/2026\/01\/celu-comex-logo-2026.png\" alt=\"\" width=\"316\" height=\"459\" \/><\/p>\n<\/div><\/div><\/div><\/div><\/div><div class='grid_col grid_col_4'><div class=\"cols_wrapper\" style='padding-top:100px;'><div class=\"widget_wrapper\"><div class='ce clearfix'><div style='border-style:solid;border-color:#28a6ec;'>\n<div class='cws_fa_tbl icon-left'><div class='cws_fa_tbl_row'><div class='cws_fa_tbl_cell size_2x'><i  class='cws_fa fa fa-star-o fa-2x square alt'><\/i><\/div><div class='cws_fa_tbl_cell'><h4 style=\"margin-bottom: 5px; text-align: left;\"><span style=\"color: #237dc8;\">Deposito fiscal<\/span><\/h4>\n\n<p style=\"text-align: left;\"><\/div><\/div><\/div>\n<\/div><\/div><div data-wow-duration='2s' data-wow-offset='10' data-wow-iteration='1' class='ce clearfix'><div style='border-style:solid;border-color:#28a6ec;color:#535353;'>\n<div class='cws_fa_tbl icon-left'><div class='cws_fa_tbl_row'><div class='cws_fa_tbl_cell size_2x'><i  class='cws_fa fa fa-star-o fa-2x square alt'><\/i><\/div><div class='cws_fa_tbl_cell'><h4 style=\"margin-bottom: 5px; text-align: left;\"><span style=\"color: #237dc8;\">Consolidaciones a\u00e9reas y mar\u00edtimas<\/span><\/h4>\n\n<p style=\"text-align: left;\"><\/div><\/div><\/div>\n<\/div><\/div><div class='ce clearfix'><div style='border-style:none;border-color:#237dc8;'><\/div><\/div><\/div><\/div><\/div><\/div><\/div><div class='row_bg fullwidth_background_bg cws_wrapper cws_prlx_section cws_prlx_section' style='color:#535353;'><div  style='background-image:url(http:\/\/comexcyc.com\/wp-content\/uploads\/2015\/03\/parallax_bg_top_view.jpg);width:1920px;height:1080px;background-position:center center;background-repeat: no-repeat;background-size: cover;' class='cws_prlx_layer' data-scroll-speed='50'><\/div><div class='row_bg_layer' style='background-color:#149dff;opacity:0.9;'><\/div><div data-wow-duration='2s' data-wow-offset='10' data-wow-iteration='1' class='grid_row fullwidth_background cws_flex_row cws_equal_height cws_content_top clearfix'><div class='grid_col grid_col_12'><div class=\"cols_wrapper\"><div class=\"widget_wrapper\"><div class='ce clearfix'><div class='cws_callout'><div class='icon_section'  ><i class='cws_fa  simple_icon fa fa-users fa-4x'  ><\/i><\/div><div class='content_section'><div class='callout_title'>El trabajo en equipo es la capacidad de trabajar juntos hacia una visi\u00f3n com\u00fan.<\/div><\/div><div class='fill-callout' style='opacity:0;' ><\/div><\/div><\/div><\/div><\/div><\/div><\/div><\/div><div class='row_bg fullwidth_background_bg cws_wrapper' style='padding-top: 120px;padding-bottom: 120px;border-top: 1px solid #d9d9d9;color:#535353;'><div  style='background-image:url(http:\/\/comexcyc.com\/wp-content\/uploads\/2018\/05\/comex-cyc-laempresa-2.jpg);background-position:center center;background-repeat: no-repeat;background-size: cover;background-attachment:scroll;' class='row_bg_img'><\/div><div class='grid_row fullwidth_background cws_flex_row cws_equal_height cws_content_middle clearfix'><div class='grid_col grid_col_6'><div class=\"cols_wrapper\"><div class=\"widget_wrapper\"><\/div><\/div><\/div><div class='grid_col grid_col_6'><div class=\"cols_wrapper\"><div class=\"widget_wrapper\"><div data-wow-duration='2s' data-wow-offset='10' data-wow-iteration='1' class='ce clearfix'><div style='border-style:solid;border-color:#28a6ec;color:#535353;'>\n<h3 class=\"ce_title\" style=\"font-size: 30px; line-height: 1.2em; margin-bottom: 15px;\">C&amp;C COMEX<\/h3>\n<div class=\"cws_divider_wrapper align-left\"><span class='cws_divider dashed with-plus' style=\"width:120px;border-bottom-color:#d9d9d9;font-size:100px;margin-bottom:15px;\"><\/span><\/div>En un mundo globalizado, ser exitoso tambi\u00e9n es ser veloz. Usted se ocupa de la calidad de su producto.&nbsp; C&amp;C COMEX se ocupa de que fluya.Para nosotros la velocidad, armon\u00eda invisible de los flujos, resulta de la idoneidad, la flexibilidad, la visi\u00f3n y la capacidad de anticipaci\u00f3n.C&amp;C COMEX SRL , cuenta con una red internacional de agentes de primer nivel que le permite operar en las principales ciudades del mundo.<\/div><\/div><div class='ce clearfix'><div class='cws_ce_content ce_accordion'><div class='accordion_section active'><div class='accordion_title'><i class='accordion_angle fa fa-angle-down'><\/i><i class='accordion_icon custom flaticon-nation'><\/i><span>Filosofia<\/span><\/div><div class='accordion_content'>\n<p>Ser un Agente de Cargas exitoso y respetado en la industria. Ganarnos la confianza de nuestros clientes a trav\u00e9s de la continua mejora, guiados por la integridad, trabajo en equipo y compromiso de nuestra gente.<\/p>\n<\/div><\/div><div class='accordion_section'><div class='accordion_title'><i class='accordion_angle fa fa-angle-down'><\/i><i class='accordion_icon custom flaticon-signs'><\/i><span>Misi\u00f3n<\/span><\/div><div class='accordion_content' style='display:none;'>\n<p>Apuntamos a desarrollar una relaci\u00f3n comercial de largo plazo con nuestros clientes, basada en la confianza mutua. Las mercader\u00edas fluyen\u2026 nuestra relaci\u00f3n es estable.<\/p>\n<\/div><\/div><\/div><\/div><div data-wow-duration='2s' data-wow-offset='10' data-wow-iteration='1' class='ce clearfix'><div style='margin-top:30px;border-style:solid;border-color:#28a6ec;color:#535353;'>\n<a href='mailto:carinagonzalez@comexcyc.com' class='cws_button icon-on regular' style='padding-right:30px; padding-left:70px;'>carinagonzalez@comexcyc.com<i class=\"button-icon flaticon-note-1\"><\/i><\/a>\n<a href='mailto:valentino@comexcyc.com' class='cws_button icon-on regular' style='padding-right:30px; padding-left:70px;'>valentino@comexcyc.com<i class=\"button-icon flaticon-note-1\"><\/i><\/a>\n<a href='mailto:administracion@comexcyc.com' class='cws_button icon-on regular' style='padding-right:30px; padding-left:70px;'>administracion@comexcyc.com<i class=\"button-icon flaticon-note-1\"><\/i><\/a>\n<p>&nbsp;<\/p>\n<\/div><\/div><\/div><\/div><\/div><\/div><\/div><div class=\"grid_row_cont\"><div class='grid_row cws_content_top clearfix' style='padding-top: 120px;'><div class='grid_col grid_col_12'><div class=\"cols_wrapper\"><div class=\"widget_wrapper\"><div class='ce clearfix'><div style='border-style:solid;border-color:#28a6ec;'>\n<h3 class=\"ce_title\" style=\"text-align: center; font-size: 30px; margin-bottom: 15px;\">CONSULTE POR NUESTROS SERVICIOS<\/h3>\n<p style=\"text-align: center;\"><div class=\"cws_divider_wrapper align-center\"><span class='cws_divider dashed with-plus' style=\"width:120px;border-bottom-color:#d9d9d9;font-size:100px;margin-bottom:15px;\"><\/span><\/div>\n<p style=\"text-align: center;\">Estamos para asesorarlo en todo lo que necesita. No dude en ponerse en contacto con nosotros. Un especialista lo atendera.<\/p>\n<\/div><\/div><\/div><\/div><\/div><\/div><\/div><div class=\"grid_row_cont\"><div class='grid_row cws_content_top clearfix' style='padding-bottom: 60px;'><div class='grid_col grid_col_6'><div class=\"cols_wrapper\"><div class=\"widget_wrapper\"><div class='ce clearfix'><div style='border-style:solid;border-color:#28a6ec;'>\n<div class=\"wpforms-container wpforms-container-full\" id=\"wpforms-7101\"><form id=\"wpforms-form-7101\" class=\"wpforms-validate wpforms-form wpforms-ajax-form\" data-formid=\"7101\" method=\"post\" enctype=\"multipart\/form-data\" action=\"\/index.php\/wp-json\/wp\/v2\/pages\/2288\" data-token=\"b3793ec4d66fd1ba122cadd464b66e1d\"><noscript class=\"wpforms-error-noscript\">Por favor, activa JavaScript en tu navegador para completar este formulario.<\/noscript><div class=\"wpforms-field-container\"><div id=\"wpforms-7101-field_0-container\" class=\"wpforms-field wpforms-field-name\" data-field-id=\"0\"><label class=\"wpforms-field-label\" for=\"wpforms-7101-field_0\">Nombre y Apellido <span class=\"wpforms-required-label\">*<\/span><\/label><input type=\"text\" id=\"wpforms-7101-field_0\" class=\"wpforms-field-large wpforms-field-required\" name=\"wpforms[fields][0]\" required><\/div><div id=\"wpforms-7101-field_3-container\" class=\"wpforms-field wpforms-field-number\" data-field-id=\"3\"><label class=\"wpforms-field-label\" for=\"wpforms-7101-field_3\">Telefono<\/label><input type=\"number\" pattern=\"\\d*\" id=\"wpforms-7101-field_3\" class=\"wpforms-field-large\" name=\"wpforms[fields][3]\" ><\/div><div id=\"wpforms-7101-field_1-container\" class=\"wpforms-field wpforms-field-email\" data-field-id=\"1\"><label class=\"wpforms-field-label\" for=\"wpforms-7101-field_1\">Correo electr\u00f3nico <span class=\"wpforms-required-label\">*<\/span><\/label><input type=\"email\" id=\"wpforms-7101-field_1\" class=\"wpforms-field-large wpforms-field-required\" name=\"wpforms[fields][1]\" required><\/div><div id=\"wpforms-7101-field_2-container\" class=\"wpforms-field wpforms-field-textarea\" data-field-id=\"2\"><label class=\"wpforms-field-label\" for=\"wpforms-7101-field_2\">Comentario o mensaje <span class=\"wpforms-required-label\">*<\/span><\/label><textarea id=\"wpforms-7101-field_2\" class=\"wpforms-field-medium wpforms-field-required\" name=\"wpforms[fields][2]\" required><\/textarea><\/div><\/div><div class=\"wpforms-submit-container\" ><input type=\"hidden\" name=\"wpforms[id]\" value=\"7101\"><input type=\"hidden\" name=\"wpforms[author]\" value=\"1\"><button type=\"submit\" name=\"wpforms[submit]\" class=\"wpforms-submit \" id=\"wpforms-submit-7101\" value=\"wpforms-submit\" aria-live=\"assertive\" data-alt-text=\"Enviando...\" data-submit-text=\"Enviar\">Enviar<\/button><img src=\"https:\/\/comexcyc.com\/wp-content\/plugins\/wpforms-lite\/assets\/images\/submit-spin.svg\" class=\"wpforms-submit-spinner\" style=\"display: none;\" width=\"26\" height=\"26\" alt=\"\"><\/div><\/form><\/div>  <!-- .wpforms-container -->\n<\/div><\/div><\/div><\/div><\/div><div class='grid_col grid_col_6'><div class=\"cols_wrapper\"><div class=\"widget_wrapper\"><div data-wow-duration='2s' data-wow-offset='10' data-wow-iteration='1' class='ce clearfix'><div style='padding-top:30px;border-style:solid;border-color:#28a6ec;color:#535353;'>\n<p>Tenes 2 lineas telefonicas para sus consultas y nuestro equipo online respondera sus inquietudes por email<\/p>\n<div class='cws_divider long dashed with-plus' style=\"font-size:100px;margin-bottom:15px;\"><\/div>\n<p><span style=\"color: #28a6ec;\">Direccion:<\/span> Per\u00fa 359 (CP C1067AJJ) Buenos Aires &#8211; Argentina<br \/><span style=\"color: #28a6ec;\">Tel\u00e9fono:<\/span> (54) 11&nbsp;2340-7703<br \/><span style=\"color: #28a6ec;\">Email:<\/span>&nbsp;carinagonzalez@comexcyc.com<br \/><span style=\"color: #28a6ec;\">Email:&nbsp;<\/span>valentino@comexcyc.com<br \/><span style=\"color: #28a6ec;\">Email:&nbsp;<\/span>administracion@comexcyc.com<\/p>\n<div class='cws_divider long dashed with-plus' style=\"border-bottom-color:#d9d9d9;font-size:100px;margin-top:20px;margin-bottom:20px;\"><\/div>\n<\/div><\/div><\/div><\/div><\/div><\/div><\/div><div class='grid_row fullwidth_items no_paddings cws_content_top clearfix' style='padding-bottom: 0px;margin-bottom: -70px;'><div class='grid_col grid_col_12'><div class=\"cols_wrapper\"><div class=\"widget_wrapper\"><div class='ce clearfix'><div style='padding-bottom:0px;border-style:solid;border-color:#237dc8;'>\n<p><iframe src=\"https:\/\/www.google.com\/maps\/embed?pb=!1m18!1m12!1m3!1d3283.696918390231!2d-58.37642866773682!3d-34.61182474925814!2m3!1f0!2f0!3f0!3m2!1i1024!2i768!4f13.1!3m3!1m2!1s0x95bccad4594170c7%3A0x2e3399b169424061!2sPer%C3%BA%20359%2C%20C1067AAG%20Cdad.%20Aut%C3%B3noma%20de%20Buenos%20Aires!5e0!3m2!1ses-419!2sar!4v1767888567773!5m2!1ses-419!2sar\" width=\"1920\" height=\"600\" style=\"border:0;\" allowfullscreen=\"\" loading=\"lazy\" referrerpolicy=\"no-referrer-when-downgrade\"><\/iframe><\/p>\n<\/div><\/div><\/div><\/div><\/div><\/div>\n","protected":false},"excerpt":{"rendered":"","protected":false},"author":1,"featured_media":0,"parent":0,"menu_order":0,"comment_status":"closed","ping_status":"closed","template":"","meta":[],"_links":{"self":[{"href":"https:\/\/comexcyc.com\/index.php\/wp-json\/wp\/v2\/pages\/2288"}],"collection":[{"href":"https:\/\/comexcyc.com\/index.php\/wp-json\/wp\/v2\/pages"}],"about":[{"href":"https:\/\/comexcyc.com\/index.php\/wp-json\/wp\/v2\/types\/page"}],"author":[{"embeddable":true,"href":"https:\/\/comexcyc.com\/index.php\/wp-json\/wp\/v2\/users\/1"}],"replies":[{"embeddable":true,"href":"https:\/\/comexcyc.com\/index.php\/wp-json\/wp\/v2\/comments?post=2288"}],"version-history":[{"count":76,"href":"https:\/\/comexcyc.com\/index.php\/wp-json\/wp\/v2\/pages\/2288\/revisions"}],"predecessor-version":[{"id":7124,"href":"https:\/\/comexcyc.com\/index.php\/wp-json\/wp\/v2\/pages\/2288\/revisions\/7124"}],"wp:attachment":[{"href":"https:\/\/comexcyc.com\/index.php\/wp-json\/wp\/v2\/media?parent=2288"}],"curies":[{"name":"wp","href":"https:\/\/api.w.org\/{rel}","templated":true}]}}